{"id":9,"date":"2019-05-20T14:42:29","date_gmt":"2019-05-20T14:42:29","guid":{"rendered":"http:\/\/capturasrapidas.com\/?page_id=9"},"modified":"2024-01-17T12:06:21","modified_gmt":"2024-01-17T18:06:21","slug":"about","status":"publish","type":"page","link":"https:\/\/capturasrapidas.com\/index.php\/about\/","title":{"rendered":"Acerca de Nosotros"},"content":{"rendered":"<p><strong>Capturas y transcripciones R\u00e1pidas de M\u00e9xico<\/strong> nace de la experiencia editorial por m\u00e1s de 20 a\u00f1os en M\u00e9xico y de observar la inexistencia de la oferta de soluciones a bajo costo para servicios tan necesarios como es la captura de textos y la producci\u00f3n editorial.\u00a0<\/p>\n<p><strong>Capturas y transcripciones R\u00e1pidas de M\u00e9xico <\/strong>est\u00e1 formada por expertos con m\u00e1s de veinte a\u00f1os de experiencia en las siguientes \u00e1reas:<\/p>\n<ul>\n<li>Periodismo y publicaciones editoriales<\/li>\n<li>Docencia Universitaria en el \u00e1rea de las Humanidades, las Artes, Dise\u00f1o y Comunicaci\u00f3n e Industrias Creativas.<\/li>\n<li>Asistencia ejecutiva empresarial y administraci\u00f3n de empresas.<\/li>\n<\/ul>\n<p><strong>Capturas y transcripciones R\u00e1pidas de M\u00e9xico ofrece los servicios de:<\/strong><\/p>\n<ul>\n<li>Captura de textos r\u00e1pidas a costos accesibles.<\/li>\n<li>Edici\u00f3n de Libros, Revistas y Publicaciones peri\u00f3dicas impresas y WEB.<\/li>\n<li>Asesor\u00eda para la creaci\u00f3n y producci\u00f3n de productos editoriales.<\/li>\n<li>Asesor\u00eda para la producci\u00f3n de Tesis y Tesinas de grado universitarias.<\/li>\n<li>Capacitaci\u00f3n y actualizaci\u00f3n para entender y producir en el mundo editorial Web.<\/li>\n<\/ul>\n<p>No dude en consultarnos para saber si podemos apoyarlo a resolver sus necesidades. Alg\u00fan d\u00eda, como usted, tuvimos la necesidad de orientaci\u00f3n pero no exist\u00eda un servicio personal y profesional como el que ahora nosotros le ofrecemos en <strong>Capturas y transcripciones R\u00e1pidas de M\u00e9xico.<\/strong><span style=\"font-size: inherit;\">\u00a0<\/span><\/p>\n<p><span style=\"font-size: inherit;\">Ll\u00e1menos por tel\u00e9fono o escribanos por correo electr\u00f3nico o Whats App a los siguientes datos:<\/span><\/p>\n<div class=\"entry-content\">\n<p><strong>Capturas y transcripciones r\u00e1pidas de M\u00e9xico:<\/strong><\/p>\n<p>Tel\u00e9fono: <strong>33 17 18 73 71<\/strong><br \/>(Internacional clave: 52)<\/p>\n<p>Correo electr\u00f3nico: <strong>capturasrapidas@gmail.com<\/strong><\/p>\n<p>Ubicaci\u00f3n: Jalisco, M\u00e9xico<\/p>\n<\/div>\n\n\n<p><\/p>\n","protected":false},"excerpt":{"rendered":"<p>Capturas y transcripciones R\u00e1pidas de M\u00e9xico nace de la experiencia editorial por m\u00e1s de 20 a\u00f1os en M\u00e9xico y de observar la inexistencia de la oferta de soluciones a bajo costo para servicios tan necesarios como es la captura de textos y la producci\u00f3n editorial.\u00a0 Capturas y transcripciones R\u00e1pidas de M\u00e9xico est\u00e1 formada por expertos &hellip; <\/p>\n<p class=\"link-more\"><a href=\"https:\/\/capturasrapidas.com\/index.php\/about\/\" class=\"more-link\">Continuar leyendo<span class=\"screen-reader-text\"> &#8220;Acerca de Nosotros&#8221;<\/span><\/a><\/p>\n","protected":false},"author":1,"featured_media":60,"parent":0,"menu_order":0,"comment_status":"closed","ping_status":"closed","template":"","meta":{"footnotes":""},"class_list":["post-9","page","type-page","status-publish","has-post-thumbnail","hentry"],"_links":{"self":[{"href":"https:\/\/capturasrapidas.com\/index.php\/wp-json\/wp\/v2\/pages\/9","targetHints":{"allow":["GET"]}}],"collection":[{"href":"https:\/\/capturasrapidas.com\/index.php\/wp-json\/wp\/v2\/pages"}],"about":[{"href":"https:\/\/capturasrapidas.com\/index.php\/wp-json\/wp\/v2\/types\/page"}],"author":[{"embeddable":true,"href":"https:\/\/capturasrapidas.com\/index.php\/wp-json\/wp\/v2\/users\/1"}],"replies":[{"embeddable":true,"href":"https:\/\/capturasrapidas.com\/index.php\/wp-json\/wp\/v2\/comments?post=9"}],"version-history":[{"count":11,"href":"https:\/\/capturasrapidas.com\/index.php\/wp-json\/wp\/v2\/pages\/9\/revisions"}],"predecessor-version":[{"id":177,"href":"https:\/\/capturasrapidas.com\/index.php\/wp-json\/wp\/v2\/pages\/9\/revisions\/177"}],"wp:featuredmedia":[{"embeddable":true,"href":"https:\/\/capturasrapidas.com\/index.php\/wp-json\/wp\/v2\/media\/60"}],"wp:attachment":[{"href":"https:\/\/capturasrapidas.com\/index.php\/wp-json\/wp\/v2\/media?parent=9"}],"curies":[{"name":"wp","href":"https:\/\/api.w.org\/{rel}","templated":true}]}}