{"id":51,"date":"2019-05-20T18:26:47","date_gmt":"2019-05-20T18:26:47","guid":{"rendered":"http:\/\/capturasrapidas.com\/?page_id=51"},"modified":"2024-01-17T12:15:17","modified_gmt":"2024-01-17T18:15:17","slug":"costos-de-captura-de-textos","status":"publish","type":"page","link":"https:\/\/capturasrapidas.com\/index.php\/costos-de-captura-de-textos\/","title":{"rendered":"Costos"},"content":{"rendered":"\n<h2 class=\"wp-block-heading\"><strong><span class=\"has-inline-color has-very-dark-gray-color\">Costos<\/span><\/strong><\/h2>\n\n\n\n<p class=\"has-text-align-left\">En relaci\u00f3n a los costos por el servicio, <strong>cada trabajo se cotiza de manera independiente<\/strong>, dependiendo de las caracter\u00edsticas de los originales, como la legibilidad de los textos, si son manuscritos, documentos antiguos o por la calidad del audio grabado o la complejidad en la dicci\u00f3n de los interlocutores, por lo que <strong>es necesario revisar una muestra de su proyecto<\/strong> para la cotizaci\u00f3n final. No obstante, usted puede darse una idea con las siguientes tablas de costos que considera un trabajo a partir de originales de buena calidad y legibilidad<strong>.<\/strong><\/p>\n\n\n\n<p>(Nota: estos costos no incluyen impuestos ni facturaci\u00f3n)<\/p>\n\n\n\n<p class=\"has-text-align-center\"><span class=\"has-inline-color has-vivid-cyan-blue-color\"><strong>Transcripci\u00f3n de documentos a texto editable en computadora <\/strong><\/span><br><span class=\"has-inline-color has-vivid-cyan-blue-color\"><strong>(copia de documentos):<\/strong><\/span><\/p>\n\n\n\n<figure class=\"wp-block-table is-style-stripes\"><table><tbody><tr><td class=\"has-text-align-center\" data-align=\"center\"><strong>Pago <\/strong>v\u00eda transferencia <br>o&nbsp; dep\u00f3sito bancario<\/td><\/tr><tr><td class=\"has-text-align-center\" data-align=\"center\">Cantidad de Cuartillas<br>(p\u00e1ginas tama\u00f1o carta)<\/td><td class=\"has-text-align-center\" data-align=\"center\"><strong>Costo por cuartilla<br>(una p\u00e1gina) en<br>Pesos <\/strong>mexicanos<\/td><td class=\"has-text-align-center\" data-align=\"center\">&nbsp;Costo equivalente aproximado <br>en D\u00f3lares Americanos <br>y Euros<\/td><\/tr><tr><td class=\"has-text-align-center\" data-align=\"center\">De 01 a 50<\/td><td class=\"has-text-align-center\" data-align=\"center\"><strong>$25<\/strong><\/td><td class=\"has-text-align-center\" data-align=\"center\">&nbsp;1.25 US D\u00f3lares<br>1.04 Euros<\/td><\/tr><tr><td class=\"has-text-align-center\" data-align=\"center\">De 51 a 99<\/td><td class=\"has-text-align-center\" data-align=\"center\"><strong>$24<\/strong><\/td><td class=\"has-text-align-center\" data-align=\"center\">&nbsp;1.20 US D\u00f3lares<br>1.00 Euros<\/td><\/tr><tr><td class=\"has-text-align-center\" data-align=\"center\">De 100 a 199<\/td><td class=\"has-text-align-center\" data-align=\"center\"><strong>$23<\/strong><\/td><td class=\"has-text-align-center\" data-align=\"center\">&nbsp;1.15 US D\u00f3lares<br>0.95 Euros<\/td><\/tr><tr><td class=\"has-text-align-center\" data-align=\"center\">De 200 a 499<\/td><td class=\"has-text-align-center\" data-align=\"center\"><strong>$22<\/strong><\/td><td class=\"has-text-align-center\" data-align=\"center\">&nbsp;1.10 US D\u00f3lares<br>0.91 Euros<\/td><\/tr><tr><td class=\"has-text-align-center\" data-align=\"center\">De 500 en adelante<\/td><td class=\"has-text-align-center\" data-align=\"center\"><strong>$20<\/strong><\/td><td class=\"has-text-align-center\" data-align=\"center\">&nbsp;1.00 US D\u00f3lares<br>0.83 Euros<\/td><\/tr><\/tbody><\/table><figcaption>Notas: Estos costos no incluyen impuestos, ni gastos de facturaci\u00f3n, costos v\u00eda pago con dep\u00f3sito o transferencia bancaria, en caso de realizar el dep\u00f3sito v\u00eda otro servicio, como PayPal, deber\u00e1 sumar al costo total de su trabajo un aproximado de $100 (cien pesos mexicanos) para pagos de comisiones que cobra por transferencia el servicio de PayPal.<\/figcaption><\/figure>\n\n\n\n<p>Es importante considerar que el costo se refiere a la cantidad de cuartillas que resulten de la transcripci\u00f3n, es decir, si su original es tama\u00f1o oficio, doble carta, tama\u00f1o cartel o de cualquier otro tama\u00f1o m\u00e1s peque\u00f1o o m\u00e1s grande, el costo total de las transcripciones ser\u00e1 el resultado de la cantidad de cuartillas finales que resulten en la transcripci\u00f3n del texto de acuerdo a las caracter\u00edsticas de la cuartilla ya descritas.<\/p>\n\n\n\n<p class=\"has-text-align-center\"><strong><span class=\"has-inline-color has-vivid-cyan-blue-color\">Transcripci\u00f3n de AUDIOS a textos<\/span><\/strong><\/p>\n\n\n\n<p>&nbsp;Las transcripciones de AUDIO se pueden realizar en tres presentaciones diferentes, de acuerdo a su elecci\u00f3n:<\/p>\n\n\n\n<p><strong>a)<\/strong> Transcripci\u00f3n en <strong>Versi\u00f3n<\/strong> <strong><span class=\"has-inline-color has-luminous-vivid-amber-color\">NATURAL<\/span><\/strong> que significa un documento en el cual se presenta en un formato en el cual se han eliminando muletillas, repeticiones, tartamudeos, etc\u00e9tera. Con marca de indicaci\u00f3n del cron\u00f3metro cada cinco minutos (aproximadamente).<\/p>\n\n\n\n<p><strong>b)<\/strong> Transcripci\u00f3n en <strong>Versi\u00f3n <span style=\"color:#187922\" class=\"has-inline-color\">LITERAL<\/span> <\/strong>estenogr\u00e1fica literal que significa una transcripci\u00f3n sin correcciones ni formato en la cual se incluyen todas las muletillas, repeticiones, tartamudeos de los interlocutores.<\/p>\n\n\n\n<p><strong>c)<\/strong> Transcripci\u00f3n en un formato <strong><span class=\"has-inline-color has-vivid-cyan-blue-color\">CRONOMETRADO<\/span> <\/strong>(ya sea en versi\u00f3n natural o literal) que significa una transcripci\u00f3n en la cual se marca la cronom\u00e9trica precisa cada que cambia la participaci\u00f3n de cada uno de los interlocutores.<\/p>\n\n\n\n<p><strong>Cada trabajo se cotiza de manera independiente<\/strong>, dependiendo de las caracter\u00edsticas como la calidad de la grabaci\u00f3n del audio, la dicci\u00f3n de los hablantes, las diversas lenguas utilizadas o la complejidad del tema, por lo que es necesario revisar una muestra del proyecto para la cotizaci\u00f3n final. <\/p>\n\n\n\n<p>Cabe mencionar que, en promedio, la transcripci\u00f3n de una hora de audio resulta en una transcripci\u00f3n en 25 p\u00e1ginas (cuartillas) de texto, sin embargo, el costo de transcripciones de audio se cotiza de acuerdo a la duraci\u00f3n del audio y no al n\u00famero de p\u00e1ginas resultantes debido a que el proceso de producci\u00f3n es diferente y m\u00e1s complicado, escuch\u00e1ndose, revis\u00e1ndose, adelant\u00e1ndose y regresando repetidas veces el audio, por lo que una hora de audio se convierten en cuatro o cinco horas de producci\u00f3n.<\/p>\n\n\n\n<p class=\"has-text-align-center\"><strong><span class=\"has-inline-color has-vivid-cyan-blue-color\">DICTADO en tiempo real<\/span><\/strong><\/p>\n\n\n\n<p>El servicio de DICTADO en tiempo real, se cotiza con base en el tiempo de dictado a raz\u00f3n de <strong>$200.00<\/strong> (<strong>doscientos pesos mexicanos) por cada hora de conexi\u00f3n<\/strong>, aproximadamente el equivalente a 10.00 d\u00f3lares americanos o 8.51 Euros por hora de conexi\u00f3n v\u00eda Zoom, Skype o Meet. <\/p>\n\n\n\n<p class=\"has-text-align-center\"><strong><span class=\"has-inline-color has-vivid-cyan-blue-color\">Revisi\u00f3n y correcci\u00f3n de textos:<\/span><\/strong><\/p>\n\n\n\n<p>El servicio de correcci\u00f3n de estilo en promedio tiene un costo de un <strong>1.00 (UN PESO mexicano)<\/strong> <strong>por rengl\u00f3n<\/strong> dentro del formato de una cuartilla que consiste en el texto escrito en una cara de una hoja tama\u00f1o carta de 21.59cm por 27.94cm, escrita en programa de computadora con letra de tipo Arial, normal, de tama\u00f1o 12 y espacio entre l\u00edneas de 1.5, con m\u00e1rgenes en la hoja de 2.5 en cada margen.<\/p>\n\n\n\n<h2 class=\"has-text-align-center wp-block-heading\"><strong><span class=\"has-inline-color has-vivid-purple-color\">Tiempos de entrega:<\/span><\/strong><\/h2>\n\n\n\n<ul class=\"wp-block-list\"><li>Capturas y transcripciones R\u00e1pidas de M\u00e9xico, <strong><span class=\"has-inline-color has-vivid-cyan-blue-color\">en su nombre lleva su reputaci\u00f3n<\/span>:<\/strong><\/li><\/ul>\n\n\n\n<p class=\"has-text-align-center\"><span class=\"has-inline-color has-vivid-purple-color\"><strong>Transcripci\u00f3n de Textos: <\/strong> <\/span><\/p>\n\n\n\n<p>En promedio la captura de una cuartilla tama\u00f1o carta (p\u00e1gina) de texto toma 10 minutos.&nbsp; En el caso de transcripciones de documentos o archivos fuente con texto Claro y N\u00cdTIDO, en idioma espa\u00f1ol, el tiempo de entrega generalmente es de <strong>dos d\u00edas h\u00e1biles (48 horas) por cada 50 cuartillas o menos.<\/strong><\/p>\n\n\n\n<p class=\"has-text-align-center\"><span class=\"has-inline-color has-vivid-purple-color\"><strong>Transcripci\u00f3n de audios o videos<\/strong> <\/span><\/p>\n\n\n\n<p>En el caso de transcripciones de audio el proceso de producci\u00f3n se realiza de la siguiente manera: <br>Etapa 1. Escucha y transcripci\u00f3n de texto <br>Etapa 2. Primer revisi\u00f3n, correcci\u00f3n ortogr\u00e1fica de errores y asignaci\u00f3n de atributos al formato editorial<br>Etapa 3. Segunda revisi\u00f3n, autorizaci\u00f3n y env\u00edo al cliente.<\/p>\n\n\n\n<p>De acuerdo a ese proceso y considerando archivos fuente con sonido Claro y N\u00cdTIDO, en idioma espa\u00f1ol, los tiempos de entrega, A PARTIR DE QUE USTED AUTORIZA LA REALIZACI\u00d3N DE LA TRANSCRIPCI\u00d3N, generalmente son los siguientes:<\/p>\n\n\n\n<p><\/p>\n\n\n\n<p><\/p>\n\n\n\n<figure class=\"wp-block-table\"><table><tbody><tr><td class=\"has-text-align-center\" data-align=\"center\"><strong>Tipo de Transcripci\u00f3n<\/strong><\/td><td class=\"has-text-align-center\" data-align=\"center\"><strong>Tiempos de Entrega <\/strong><br>(en promedio) <strong>por cada hora o fracci\u00f3n de audio<\/strong><\/td><td class=\"has-text-align-center\" data-align=\"center\"><strong>Caracter\u00edsticas<\/strong> <strong>particulares<\/strong><\/td><\/tr><tr><td class=\"has-text-align-center\" data-align=\"center\">En versi\u00f3n <strong>NATURAL<\/strong><\/td><td class=\"has-text-align-center\" data-align=\"center\"><strong>tres d\u00edas h\u00e1biles<\/strong> por cada hora o fracci\u00f3n<\/td><td class=\"has-text-align-center\" data-align=\"center\">(eliminando muletillas, repeticiones, etc\u00e9tera)<\/td><\/tr><tr><td class=\"has-text-align-center\" data-align=\"center\">En versi\u00f3n <strong>LITERAL<\/strong><\/td><td class=\"has-text-align-center\" data-align=\"center\"><strong>cuatro d\u00edas h\u00e1biles<\/strong> por cada hora o fracci\u00f3n<\/td><td class=\"has-text-align-center\" data-align=\"center\">(literal sin formato, mantneiendo muletillas, repeticiones, tartamudeos, etc.)<\/td><\/tr><tr><td class=\"has-text-align-center\" data-align=\"center\">En formato <strong>CRONOMETRADO<\/strong> <br>NATURAL<\/td><td class=\"has-text-align-center\" data-align=\"center\"><strong>cinco d\u00edas h\u00e1biles<\/strong> por cada hora o fracci\u00f3n<\/td><td class=\"has-text-align-center\" data-align=\"center\">(literal, manteniendo muletillas, repeticiones, tartamudeos, etc.)<\/td><\/tr><\/tbody><\/table><figcaption>TRABAJOS URGENTES: En caso de que su trabajo tenga una necesidad de <strong>URGENTE<\/strong>, se puede realizar <em>con un menor tiempo de entrega a un costo SUPERIOR, previo acuerdo con el cliente.<\/em> (Se pueden realizar durante las noches, madrugadas, d\u00edas no h\u00e1biles o d\u00edas festivos, dependiendo de su urgencia) <\/figcaption><\/figure>\n\n\n\n<p class=\"has-text-align-center\"><strong><span class=\"has-inline-color has-vivid-purple-color\">DICTADO en tiempo real<\/span><\/strong><\/p>\n\n\n\n<p>El tiempo de entrega para los dictados en<strong> tiempo real es de una hora despu\u00e9s de terminado el dictado <\/strong>por cada 20 p\u00e1ginas de texto capturado (tiempo para revisar la captura). <\/p>\n\n\n\n<p>Considere que adem\u00e1s de la captura se revisa en cada p\u00e1gina la precisi\u00f3n de la captura, que no queden letras invertidas as\u00ed como la ortograf\u00eda general del texto.&nbsp;<\/p>\n\n\n\n<p><\/p>\n\n\n\n<p><strong>Trabajos urgentes aplica tarifa doble<\/strong>.  Urgentes se consideran: Trabajos nocturnos y trabajos en d\u00edas no h\u00e1biles y asuetos, favor de solicitar cotizaci\u00f3n.<\/p>\n\n\n\n<p class=\"has-text-align-center\"><strong><span class=\"has-inline-color has-vivid-purple-color\">Revisi\u00f3n y Correcci\u00f3n de textos:<\/span><\/strong><\/p>\n\n\n\n<p>Considere que como parte del servicio se revisa la ortograf\u00eda general del texto asistida por computadora, si desea revisi\u00f3n de estilo y ortograf\u00eda especializada, ese un servicio profesional que tambi\u00e9n podemos ofrecerle pero que se cotiza aparte, <strong>el tiempo de entrega en promedio es de 24 horas por cada 50 p\u00e1ginas de revisi\u00f3n.<\/strong><\/p>\n\n\n\n<p class=\"has-text-align-center\"><strong><span class=\"has-inline-color has-vivid-purple-color\">Otros servicios editoriales:<\/span><\/strong><\/p>\n\n\n\n<ul class=\"wp-block-list\"><li>Para cotizar los siguientes servicios, por favor p\u00f3ngase en contacto con nosotros: <\/li><li>Edici\u00f3n y producci\u00f3n de Libros, <\/li><li>Revistas y publicaciones peri\u00f3dicas impresas y WEB.<\/li><li>Asesor\u00eda para la creaci\u00f3n y producci\u00f3n de productos editoriales. <\/li><li>Asesor\u00eda para la producci\u00f3n de Tesis y Tesinas de grado universitarias.<\/li><li>Capacitaci\u00f3n y actualizaci\u00f3n para entender y producir en el mundo editorial Web.<\/li><\/ul>\n\n\n\n<h2 class=\"has-text-align-center wp-block-heading\"><strong><span class=\"has-inline-color has-vivid-red-color\">Pagos:<\/span><\/strong><\/h2>\n\n\n\n<p>El cliente debe enviar el trabajo para cotizaci\u00f3n, una vez aceptada la cotizaci\u00f3n, se debe depositar la mitad del costo total como anticipo y al momento de concluirse el trabajo el cliente recibir\u00e1 la muestra del trabajo realizado \u2013no editable- para que realice el pago total del servicio, al momento de recibir el pago, se le enviar\u00e1 el archivo final editable.<\/p>\n\n\n\n<p class=\"has-text-align-center\"><strong><span class=\"has-inline-color has-vivid-red-color\">Medios de Pago:<\/span><\/strong><\/p>\n\n\n\n<p>Los medios de pago principales son: <strong>Dep\u00f3sito o transferencia bancaria<\/strong> a bancos en M\u00e9xico y pagos v\u00eda el servicio de <strong>Paypal.com<\/strong> . En el caso de pagos v\u00eda <em>Paypal<\/em> es muy importante que el cliente considere que el costo final del trabajo se incrementar\u00e1 alrededor de 100 pesos mexicanos ya que Paypal descuenta una comisi\u00f3n en cada dep\u00f3sito realizado.<\/p>\n\n\n\n<h2 class=\"has-text-align-center wp-block-heading\"><strong>Pol\u00edtica de Confidencialidad:<\/strong><\/h2>\n\n\n\n<p>Los contenidos de todo trabajo que se realice se mantendr\u00e1n en estricta confidencialidad y s\u00f3lo se entregar\u00e1n al mismo correo electr\u00f3nico del cual fue recibido el encargo. Los archivos digitales con los textos capturados se entregar\u00e1n y a los 60 d\u00edas naturales de haber sido entregados se destruir\u00e1n. <strong>NO SE CONSERVAR\u00c1N COPIAS DE RESPALDO.<\/strong><\/p>\n\n\n\n<p class=\"has-text-align-center\"><strong>Comentarios finales:<\/strong><\/p>\n\n\n\n<p>Los costos aqu\u00ed mencionados se presentan para que usted pueda darse una idea del costo aproximado de nuestros servicios profesionales y no implican una cotizaci\u00f3n final o un compromiso, es necesario cotizar cada trabajo de manera individual, por lo que le invitamos a que se ponga en contacto con nosotros: <a href=\"http:\/\/capturasrapidas.com\/index.php\/contact\/\"><span class=\"has-inline-color has-vivid-cyan-blue-color\">Contacto<\/span><\/a> <\/p>\n\n\n\n<p><strong>RECUERDE<\/strong>: <strong>El ahorro que usted obtendr\u00e1 <\/strong>al encargarnos su trabajo es el tiempo que usted podr\u00e1 dedicar a otras etapas y actividades de su proyecto en lugar de invertirlo en un proceso t\u00e9cnico y mec\u00e1nico muy laborioso de transcribir, revisar, corregir, el cual que requiere, por ejemplo, entre tres, cuatro o cinco horas de trabajo por cada hora de transcripci\u00f3n de audio y m\u00e1s cuando no se est\u00e1 entrenado profesionalmente en esa actividad. \u00a1Haga la prueba!<\/p>\n","protected":false},"excerpt":{"rendered":"<p>Costos En relaci\u00f3n a los costos por el servicio, cada trabajo se cotiza de manera independiente, dependiendo de las caracter\u00edsticas de los originales, como la legibilidad de los textos, si son manuscritos, documentos antiguos o por la calidad del audio grabado o la complejidad en la dicci\u00f3n de los interlocutores, por lo que es necesario &hellip; <\/p>\n<p class=\"link-more\"><a href=\"https:\/\/capturasrapidas.com\/index.php\/costos-de-captura-de-textos\/\" class=\"more-link\">Continuar leyendo<span class=\"screen-reader-text\"> &#8220;Costos&#8221;<\/span><\/a><\/p>\n","protected":false},"author":1,"featured_media":0,"parent":0,"menu_order":0,"comment_status":"closed","ping_status":"closed","template":"","meta":{"footnotes":""},"class_list":["post-51","page","type-page","status-publish","hentry"],"_links":{"self":[{"href":"https:\/\/capturasrapidas.com\/index.php\/wp-json\/wp\/v2\/pages\/51","targetHints":{"allow":["GET"]}}],"collection":[{"href":"https:\/\/capturasrapidas.com\/index.php\/wp-json\/wp\/v2\/pages"}],"about":[{"href":"https:\/\/capturasrapidas.com\/index.php\/wp-json\/wp\/v2\/types\/page"}],"author":[{"embeddable":true,"href":"https:\/\/capturasrapidas.com\/index.php\/wp-json\/wp\/v2\/users\/1"}],"replies":[{"embeddable":true,"href":"https:\/\/capturasrapidas.com\/index.php\/wp-json\/wp\/v2\/comments?post=51"}],"version-history":[{"count":34,"href":"https:\/\/capturasrapidas.com\/index.php\/wp-json\/wp\/v2\/pages\/51\/revisions"}],"predecessor-version":[{"id":181,"href":"https:\/\/capturasrapidas.com\/index.php\/wp-json\/wp\/v2\/pages\/51\/revisions\/181"}],"wp:attachment":[{"href":"https:\/\/capturasrapidas.com\/index.php\/wp-json\/wp\/v2\/media?parent=51"}],"curies":[{"name":"wp","href":"https:\/\/api.w.org\/{rel}","templated":true}]}}