{"id":12,"date":"2019-05-20T14:42:29","date_gmt":"2019-05-20T14:42:29","guid":{"rendered":"http:\/\/capturasrapidas.com\/?page_id=12"},"modified":"2021-04-01T21:37:27","modified_gmt":"2021-04-02T03:37:27","slug":"a-homepage-section","status":"publish","type":"page","link":"https:\/\/capturasrapidas.com\/index.php\/a-homepage-section\/","title":{"rendered":"Nuestros Servicios"},"content":{"rendered":"<p><span style=\"font-weight: 400;\"><span style=\"color: #3366ff;\"><strong>Capturas y Transcripciones r\u00e1pidas de M\u00e9xico<\/strong><\/span> le ofrece los siguientes servicios:<\/span><\/p>\n<ul>\n<li>Copias (Transcripciones) r\u00e1pidas a costos accesibles de: textos, documentos, fotocopias, libros, manuscritos, im\u00e1genes que contengan textos y similares.<\/li>\n<li>Transcripci\u00f3n de grabaciones de audio o video a texto editable en computadora.<\/li>\n<li>Transcripci\u00f3n de dictados en vivo, en tiempo real, v\u00eda video conferencia o llamada telef\u00f3nica.<\/li>\n<li>Captura de texto en aplicaciones de computadora (formularios, bases de datos, etc.)<\/li>\n<\/ul>\n<p>Nuestro equipo de trabajo est\u00e1 formado por experimentadas mecan\u00f3grafas, escritores, profesores universitarios y dise\u00f1adores con m\u00e1s de treinta a\u00f1os de experiencia, por ello, otros servicios con los que contamos para usted son:<\/p>\n<ul>\n<li>Revisi\u00f3n y correcci\u00f3n de estilo en textos.<\/li>\n<li>Edici\u00f3n y producci\u00f3n de Libros, Revistas y publicaciones peri\u00f3dicas impresas y WEB.&nbsp;<\/li>\n<li>Asesor\u00eda para la creaci\u00f3n y producci\u00f3n de productos editoriales.<\/li>\n<li>Asesor\u00eda para la producci\u00f3n de Tesis y Tesinas de grado universitarias.<\/li>\n<li>Capacitaci\u00f3n y actualizaci\u00f3n para entender y producir en el mundo editorial Web.<\/li>\n<\/ul>\n<p>A continuaci\u00f3n describimos brevemente algunas de las caracter\u00edsticas principales de estos servicios:<\/p>\n<p style=\"text-align: center;\"><span style=\"color: #3366ff;\"><strong>Transcripciones de textos, <br>r\u00e1pidas a costos accesibles<\/strong><\/span><\/p>\n<p>Usted nos puede enviar el archivo que contenga el texto, en formato .jpg, .tif, .bmp .pdf, por ejemplo: fotocopias, fotograf\u00edas, documentos digitalizados (escaneados) o directamente documentos en papel impreso para realizar la transcripci\u00f3n a texto editable en computadora.<\/p>\n<p>El formato que manejamos de entrega del texto es un archivo digital con el texto capturado <strong>en cuartilla<\/strong> digital en <strong>formato .doc o .docx.<\/strong> la cual comprende las siguientes caracter\u00edsticas: Una cuartilla consiste en el texto escrito en una cara de una hoja tama\u00f1o carta (de acuerdo al est\u00e1ndar internacional del American National Standards Institute ANSI) de 21.59cm por 27.94cm, escrita en programa de computadora con letra de tipo Arial, normal, de tama\u00f1o 12 y espacio entre l\u00edneas de 1.5, con m\u00e1rgenes en la hoja de 2.5 en cada margen. <span style=\"font-weight: 400;\">Esto equivale a unos 1770 o 1800 caracteres (letras y espacios) o aproximadamente de 250 a 300 palabras en espa\u00f1ol por p\u00e1gina tama\u00f1o carta.<\/span><\/p>\n<p>Consulte los costos en nuestra secci\u00f3n de <strong><span style=\"color: #3366ff;\"><a style=\"color: #3366ff;\" href=\"http:\/\/capturasrapidas.com\/index.php\/costos-de-captura-de-textos\/\">Costos<\/a><\/span><\/strong>.&nbsp;<\/p>\n<p><\/p>\n<p style=\"text-align: center;\"><span style=\"color: #3366ff;\"><strong>Transcripci\u00f3n de grabaciones de audio o video <br>a texto editable en computadora.<\/strong><\/span><\/p>\n<p>Usted nos puede enviar el archivo que contenga el audio o el video (en formato .mp3, wav, .m4a .mp4, .avi) para realizar la transcripci\u00f3n.<\/p>\n<p>Las transcripciones de AUDIO se pueden realizar en tres presentaciones diferentes, de acuerdo a su elecci\u00f3n:<\/p>\n<p>a) Transcripci\u00f3n en Versi\u00f3n <span style=\"color: #ff9900;\"><strong>NATURAL<\/strong><\/span> que significa un documento en el cual se presenta en un formato en el cual se han eliminando muletillas, repeticiones, tartamudeos, etc\u00e9tera. Con marca de indicaci\u00f3n del cron\u00f3metro cada cinco minutos (aproximadamente).<\/p>\n<p>b) Transcripci\u00f3n en Versi\u00f3n <span style=\"color: #339966;\"><strong>LITERAL<\/strong><\/span> estenogr\u00e1fica literal que significa una transcripci\u00f3n sin correcciones ni formato en la cual se incluyen todas las muletillas, repeticiones, tartamudeos de los interlocutores.<\/p>\n<p>c) Transcripci\u00f3n en un formato <span style=\"color: #3366ff;\"><strong>CRONOMETRADO<\/strong><\/span> (ya sea en versi\u00f3n natural o literal) que significa una transcripci\u00f3n en la cual se marca la cronom\u00e9trica precisa cada que cambia la participaci\u00f3n de cada uno de los interlocutores.<\/p>\n<p style=\"text-align: center;\">A continuaci\u00f3n le presentamos una muestra de estas versiones y formatos:<\/p>\n<p><\/p>\n\n\n<figure class=\"wp-block-image size-large\"><img loading=\"lazy\" decoding=\"async\" width=\"658\" height=\"373\" src=\"http:\/\/capturasrapidas.com\/wp-content\/uploads\/2021\/03\/literal.png\" alt=\"\" class=\"wp-image-121\" srcset=\"https:\/\/capturasrapidas.com\/wp-content\/uploads\/2021\/03\/literal.png 658w, https:\/\/capturasrapidas.com\/wp-content\/uploads\/2021\/03\/literal-300x170.png 300w\" sizes=\"auto, (max-width: 658px) 100vw, 658px\" \/><\/figure>\n\n\n\n<figure class=\"wp-block-image size-large\"><img loading=\"lazy\" decoding=\"async\" width=\"653\" height=\"361\" src=\"http:\/\/capturasrapidas.com\/wp-content\/uploads\/2021\/03\/natural.png\" alt=\"\" class=\"wp-image-122\" srcset=\"https:\/\/capturasrapidas.com\/wp-content\/uploads\/2021\/03\/natural.png 653w, https:\/\/capturasrapidas.com\/wp-content\/uploads\/2021\/03\/natural-300x166.png 300w\" sizes=\"auto, (max-width: 653px) 100vw, 653px\" \/><\/figure>\n\n\n\n<figure class=\"wp-block-image size-large\"><img loading=\"lazy\" decoding=\"async\" width=\"654\" height=\"409\" src=\"http:\/\/capturasrapidas.com\/wp-content\/uploads\/2021\/03\/cronometrado.png\" alt=\"\" class=\"wp-image-123\" srcset=\"https:\/\/capturasrapidas.com\/wp-content\/uploads\/2021\/03\/cronometrado.png 654w, https:\/\/capturasrapidas.com\/wp-content\/uploads\/2021\/03\/cronometrado-300x188.png 300w\" sizes=\"auto, (max-width: 654px) 100vw, 654px\" \/><\/figure>\n\n\n<p><\/p>\n<p>Consulte los costos en nuestra secci\u00f3n de <strong><span style=\"color: #3366ff;\"><a style=\"color: #3366ff;\" href=\"http:\/\/capturasrapidas.com\/index.php\/costos-de-captura-de-textos\/\">Costos<\/a><\/span><\/strong>.&nbsp;<\/p>\n<p><\/p>\n<p style=\"text-align: center;\"><span style=\"color: #3366ff;\"><strong>Transcripci\u00f3n de DICTADO en tiempo real en vivo, <br>v\u00eda video conferencia o llamada telef\u00f3nica.<\/strong><\/span><\/p>\n<p>El no poder escribir a m\u00e1quina o en computadora ya no es una limitante para poder plasmar sus ideas en textos.<\/p>\n<p>Probablemente usted est\u00e1 conoci\u00f3 el estilo de dictado en vivo a una secretaria o asistente, en la actualidad puede contar con el mismo sistema de apoyo desde la comodidad de su casa pero ayudado por la tecnolog\u00eda y pagando \u00fanicamente el apoyo que reciba por hora.<\/p>\n<p>Este servicio consiste en lo siguiente: Usted se conecta con nosotros por tel\u00e9fono o por Internet en tiempo real ( utilizando el programa Zoom, Skype, Facebook live o Google Meet), ya sea en video o \u00fanicamente con audio de manera que podr\u00e1 dictarnos todo el texto que quiera mientras que del otro lado de la l\u00ednea una de nuestras mecan\u00f3grafas expertas de capturasrapidas.com lo estar\u00e1 transcribiendo a texto en computadora.<\/p>\n<p>Con este servicio usted podr\u00e1 hacer pausas, repetir, corregir el texto las veces que considere necesarias.<\/p>\n<p>Este servicio lo realizamos frecuentemente con clientes en otros pa\u00edses y en otros estados de la Rep\u00fablica Mexicana con mucho \u00e9xito.<\/p>\n<p>Este servicio de DICTADO en tiempo real, se cotiza con base en el tiempo que dure el dictado en la llamada.<\/p>\n<p>Consulte los costos en nuestra secci\u00f3n de <strong><span style=\"color: #3366ff;\"><a style=\"color: #3366ff;\" href=\"http:\/\/capturasrapidas.com\/index.php\/costos-de-captura-de-textos\/\">Costos<\/a><\/span><\/strong>.&nbsp;<\/p>\n<p><\/p>\n<p style=\"text-align: center;\"><strong><span style=\"color: #3366ff;\">Captura de texto en aplicaciones de computadora <\/span><\/strong><br>(formularios, bases de datos, etc.)<\/p>\n<p>La CAPTURA de texto significa vaciar datos en la computadora dentro de alg\u00fan formato establecido, por ejemplo, cuando genera una base de datos o un listado o rellena alg\u00fan formulario. Esto es muy \u00fatil cuando usted cuenta con una serie de datos que desea pasar a computadora dentro de un formato dise\u00f1ado espec\u00edficamente para eso, esto es com\u00fan por ejemplo cuando realiza una encuesta o realiza inventarios, etc\u00e9tera.&nbsp;<\/p>\n<p>Consulte los costos en nuestra secci\u00f3n de <strong><span style=\"color: #3366ff;\"><a style=\"color: #3366ff;\" href=\"http:\/\/capturasrapidas.com\/index.php\/costos-de-captura-de-textos\/\">Costos<\/a><\/span><\/strong>.&nbsp;<\/p>\n<h2 style=\"text-align: center;\"><strong>Otros servicios:<\/strong><\/h2>\n<p><span style=\"color: #3366ff;\"><strong>Revisi\u00f3n y correcci\u00f3n de estilo en textos.<br>Edici\u00f3n y producci\u00f3n de Libros, <br>Revistas y publicaciones peri\u00f3dicas impresas y WEB.&nbsp;<br>Asesor\u00eda para la creaci\u00f3n y producci\u00f3n de productos editoriales.<br>Asesor\u00eda para la producci\u00f3n de Tesis y Tesinas de grado universitarias.<br>Capacitaci\u00f3n y actualizaci\u00f3n para entender y producir en el mundo editorial Web.<\/strong><\/span><\/p>\n<p><span style=\"font-weight: 400;\">El equipo de capturasrapidas.com cuenta con m\u00e1s de 30 a\u00f1os de experiencia en el campo del Dise\u00f1o y la Comunicaci\u00f3n impresa editando libros y revistas, por ello, estamos en posibilidades de brindarle asesor\u00eda y servicio en cada etapa de la producci\u00f3n de impresos.<\/span><\/p>\n<p>Consulte los costos en nuestra secci\u00f3n de <strong><span style=\"color: #3366ff;\"><a style=\"color: #3366ff;\" href=\"http:\/\/capturasrapidas.com\/index.php\/costos-de-captura-de-textos\/\">Costos<\/a><\/span><\/strong>.&nbsp;<\/p>\n<h2 style=\"text-align: center;\"><strong><br><span style=\"color: #339966;\">Algunas caracter\u00edsticas que nos distinguen:<\/span><\/strong><\/h2>\n<p><strong>Rapidez y precisi\u00f3n.<\/strong> Nuestras mecan\u00f3grafas son personas con m\u00e1s de 30 a\u00f1os de experiencia mecanografiando tanto en m\u00e1quinas de escribir mec\u00e1nicas, el\u00e9ctricas, as\u00ed como en los modernos equipos de c\u00f3mputo, con promedio de velocidad de captura de entre 50 y 100 palabras por minuto, por supuesto, sin necesidad de observar el teclado o al interlocutor.<\/p>\n<p><strong>Atenci\u00f3n personalizada y flexibilidad:<\/strong> En Capturas y Transcripciones R\u00e1pidas de M\u00e9xico estamos conscientes de que trabajamos con seres humanos y de la importancia especial que para un cliente tiene su proyecto, por ello, nos mantenemos en contacto con nuestros clientes durante la producci\u00f3n de su trabajo y hasta la conclusi\u00f3n de su encargo, abiertos a peticiones especiales que busquen una mejor presentaci\u00f3n de su transcripci\u00f3n y facilitarles el cumplimiento de sus objetivos.<\/p>\n<p><strong>Muestras sin costo:<\/strong> Con el fin de mantener nuestra filosof\u00eda de trabajo en donde procuramos ofrecer un servicio de calidad a un costo razonable, puede usted enviarnos al correo electr\u00f3nico: <em><strong>capturasrapidas@gmail.com<\/strong><\/em> una muestra de su proyecto para realizar una prueba de transcripci\u00f3n de 5 p\u00e1ginas&nbsp; de texto o de 5 minutos de audio y poder enviarle esa muestra y la cotizaci\u00f3n precisa.<\/p>\n<p><strong>Confidencialidad:<\/strong> El equipo de producci\u00f3n de cada proyecto se integra por tres eslabones: Contacto administrativo, transcriptor o transcriptores y revisor o revisores (dependiendo del volumen de trabajo y tiempo de entrega). Dentro de este equipo ni los transcriptores ni los revisores conocen la identidad del cliente ni datos de contacto. El contenido de las grabaciones es confidencial y se maneja una \u00fanica copia del archivo transcrito y de los archivos fuente originales, es decir no se realizan ni distribuyen copias y una vez concluido el trabajo, se conservan solo por seis d\u00edas h\u00e1biles,&nbsp; en caso de que se deban realizar correcciones, transcurrido ese tiempo se destruyen esos archivos.<\/p>\n<p>Expresado lo anterior, queremos comentarle que <em><strong>capturasrapidas.com<\/strong><\/em> ha prestado sus servicios a m\u00faltiples clientes satisfechos en M\u00e9xico y en Estados Unidos por lo cual esperamos contar tambi\u00e9n con su preferencia ya que <strong>deseamos apoyarle en el \u00e9xito de su proyecto. <\/strong><\/p>\n<p>Esperamos nos <span style=\"color: #3366ff;\"><a style=\"color: #3366ff;\" href=\"http:\/\/capturasrapidas.com\/index.php\/contact\/\">contacte muy pronto<\/a><\/span>.<\/p>\n\n\n<p><\/p>\n","protected":false},"excerpt":{"rendered":"<p>Capturas y Transcripciones r\u00e1pidas de M\u00e9xico le ofrece los siguientes servicios: Copias (Transcripciones) r\u00e1pidas a costos accesibles de: textos, documentos, fotocopias, libros, manuscritos, im\u00e1genes que contengan textos y similares. Transcripci\u00f3n de grabaciones de audio o video a texto editable en computadora. Transcripci\u00f3n de dictados en vivo, en tiempo real, v\u00eda video conferencia o llamada telef\u00f3nica. &hellip; <\/p>\n<p class=\"link-more\"><a href=\"https:\/\/capturasrapidas.com\/index.php\/a-homepage-section\/\" class=\"more-link\">Continuar leyendo<span class=\"screen-reader-text\"> &#8220;Nuestros Servicios&#8221;<\/span><\/a><\/p>\n","protected":false},"author":1,"featured_media":59,"parent":0,"menu_order":0,"comment_status":"closed","ping_status":"closed","template":"","meta":{"footnotes":""},"class_list":["post-12","page","type-page","status-publish","has-post-thumbnail","hentry"],"_links":{"self":[{"href":"https:\/\/capturasrapidas.com\/index.php\/wp-json\/wp\/v2\/pages\/12","targetHints":{"allow":["GET"]}}],"collection":[{"href":"https:\/\/capturasrapidas.com\/index.php\/wp-json\/wp\/v2\/pages"}],"about":[{"href":"https:\/\/capturasrapidas.com\/index.php\/wp-json\/wp\/v2\/types\/page"}],"author":[{"embeddable":true,"href":"https:\/\/capturasrapidas.com\/index.php\/wp-json\/wp\/v2\/users\/1"}],"replies":[{"embeddable":true,"href":"https:\/\/capturasrapidas.com\/index.php\/wp-json\/wp\/v2\/comments?post=12"}],"version-history":[{"count":24,"href":"https:\/\/capturasrapidas.com\/index.php\/wp-json\/wp\/v2\/pages\/12\/revisions"}],"predecessor-version":[{"id":153,"href":"https:\/\/capturasrapidas.com\/index.php\/wp-json\/wp\/v2\/pages\/12\/revisions\/153"}],"wp:featuredmedia":[{"embeddable":true,"href":"https:\/\/capturasrapidas.com\/index.php\/wp-json\/wp\/v2\/media\/59"}],"wp:attachment":[{"href":"https:\/\/capturasrapidas.com\/index.php\/wp-json\/wp\/v2\/media?parent=12"}],"curies":[{"name":"wp","href":"https:\/\/api.w.org\/{rel}","templated":true}]}}