{"id":10,"date":"2019-05-20T14:42:29","date_gmt":"2019-05-20T14:42:29","guid":{"rendered":"http:\/\/capturasrapidas.com\/?page_id=10"},"modified":"2024-01-17T12:08:55","modified_gmt":"2024-01-17T18:08:55","slug":"contact","status":"publish","type":"page","link":"https:\/\/capturasrapidas.com\/index.php\/contact\/","title":{"rendered":"Contacto"},"content":{"rendered":"<p>No importa en qu\u00e9 ciudad o pa\u00eds se encuentre. Puede usted llamarnos por tel\u00e9fono, escribirnos por <strong>correo electr\u00f3nico<\/strong> o por <strong>Whats App<\/strong> o <strong>Telegram<\/strong> a los siguientes datos:<\/p>\n<p style=\"text-align: center;\">Capturas y Transcripciones r\u00e1pidas de M\u00e9xico:<\/p>\n<p><img loading=\"lazy\" decoding=\"async\" class=\"alignnone size-thumbnail wp-image-145\" src=\"http:\/\/capturasrapidas.com\/wp-content\/uploads\/2021\/04\/logo-gmail-150x150.png\" alt=\"\" width=\"150\" height=\"150\" srcset=\"https:\/\/capturasrapidas.com\/wp-content\/uploads\/2021\/04\/logo-gmail-150x150.png 150w, https:\/\/capturasrapidas.com\/wp-content\/uploads\/2021\/04\/logo-gmail-100x100.png 100w, https:\/\/capturasrapidas.com\/wp-content\/uploads\/2021\/04\/logo-gmail.png 225w\" sizes=\"auto, (max-width: 150px) 100vw, 150px\" \/><img loading=\"lazy\" decoding=\"async\" class=\"alignnone size-thumbnail wp-image-147\" src=\"http:\/\/capturasrapidas.com\/wp-content\/uploads\/2021\/04\/logowhats2-150x150.png\" alt=\"\" width=\"150\" height=\"150\" srcset=\"https:\/\/capturasrapidas.com\/wp-content\/uploads\/2021\/04\/logowhats2-150x150.png 150w, https:\/\/capturasrapidas.com\/wp-content\/uploads\/2021\/04\/logowhats2-300x300.png 300w, https:\/\/capturasrapidas.com\/wp-content\/uploads\/2021\/04\/logowhats2-1019x1024.png 1019w, https:\/\/capturasrapidas.com\/wp-content\/uploads\/2021\/04\/logowhats2-768x772.png 768w, https:\/\/capturasrapidas.com\/wp-content\/uploads\/2021\/04\/logowhats2-1529x1536.png 1529w, https:\/\/capturasrapidas.com\/wp-content\/uploads\/2021\/04\/logowhats2-2039x2048.png 2039w, https:\/\/capturasrapidas.com\/wp-content\/uploads\/2021\/04\/logowhats2-100x100.png 100w\" sizes=\"auto, (max-width: 150px) 100vw, 150px\" \/>\u00a0<img loading=\"lazy\" decoding=\"async\" class=\"alignnone size-thumbnail wp-image-142\" src=\"http:\/\/capturasrapidas.com\/wp-content\/uploads\/2021\/04\/logotelegram-150x150.png\" alt=\"\" width=\"150\" height=\"150\" srcset=\"https:\/\/capturasrapidas.com\/wp-content\/uploads\/2021\/04\/logotelegram-150x150.png 150w, https:\/\/capturasrapidas.com\/wp-content\/uploads\/2021\/04\/logotelegram-100x100.png 100w, https:\/\/capturasrapidas.com\/wp-content\/uploads\/2021\/04\/logotelegram.png 225w\" sizes=\"auto, (max-width: 150px) 100vw, 150px\" \/><\/p>\n<p>Tel\u00e9fono: <strong>33 17 18 73 71<\/strong><br \/>(Internacional clave: 52)<\/p>\n<p>Correo electr\u00f3nico: <strong>capturasrapidas@gmail.com<\/strong><\/p>\n<p>Ubicaci\u00f3n: Jalisco, M\u00e9xico<\/p>\n\n\n<p><\/p>\n","protected":false},"excerpt":{"rendered":"<p>No importa en qu\u00e9 ciudad o pa\u00eds se encuentre. Puede usted llamarnos por tel\u00e9fono, escribirnos por correo electr\u00f3nico o por Whats App o Telegram a los siguientes datos: Capturas y Transcripciones r\u00e1pidas de M\u00e9xico: \u00a0 Tel\u00e9fono: 33 17 18 73 71(Internacional clave: 52) Correo electr\u00f3nico: capturasrapidas@gmail.com Ubicaci\u00f3n: Jalisco, M\u00e9xico<\/p>\n","protected":false},"author":1,"featured_media":5,"parent":0,"menu_order":0,"comment_status":"closed","ping_status":"closed","template":"","meta":{"footnotes":""},"class_list":["post-10","page","type-page","status-publish","has-post-thumbnail","hentry"],"_links":{"self":[{"href":"https:\/\/capturasrapidas.com\/index.php\/wp-json\/wp\/v2\/pages\/10","targetHints":{"allow":["GET"]}}],"collection":[{"href":"https:\/\/capturasrapidas.com\/index.php\/wp-json\/wp\/v2\/pages"}],"about":[{"href":"https:\/\/capturasrapidas.com\/index.php\/wp-json\/wp\/v2\/types\/page"}],"author":[{"embeddable":true,"href":"https:\/\/capturasrapidas.com\/index.php\/wp-json\/wp\/v2\/users\/1"}],"replies":[{"embeddable":true,"href":"https:\/\/capturasrapidas.com\/index.php\/wp-json\/wp\/v2\/comments?post=10"}],"version-history":[{"count":9,"href":"https:\/\/capturasrapidas.com\/index.php\/wp-json\/wp\/v2\/pages\/10\/revisions"}],"predecessor-version":[{"id":179,"href":"https:\/\/capturasrapidas.com\/index.php\/wp-json\/wp\/v2\/pages\/10\/revisions\/179"}],"wp:featuredmedia":[{"embeddable":true,"href":"https:\/\/capturasrapidas.com\/index.php\/wp-json\/wp\/v2\/media\/5"}],"wp:attachment":[{"href":"https:\/\/capturasrapidas.com\/index.php\/wp-json\/wp\/v2\/media?parent=10"}],"curies":[{"name":"wp","href":"https:\/\/api.w.org\/{rel}","templated":true}]}}